{"id":500,"date":"2026-01-13T16:11:20","date_gmt":"2026-01-13T15:11:20","guid":{"rendered":"https:\/\/erwancorre.fr\/?page_id=500"},"modified":"2026-01-14T19:14:56","modified_gmt":"2026-01-14T18:14:56","slug":"homepage","status":"publish","type":"page","link":"https:\/\/erwancorre.fr\/","title":{"rendered":"Homepage"},"content":{"rendered":"\t\t<div data-elementor-type=\"wp-page\" data-elementor-id=\"500\" class=\"elementor elementor-500\" data-elementor-post-type=\"page\">\n\t\t\t\t<div class=\"elementor-element elementor-element-eb0201f e-flex e-con-boxed e-con e-parent\" data-id=\"eb0201f\" data-element_type=\"container\">\n\t\t\t\t\t<div class=\"e-con-inner\">\n\t\t<div class=\"elementor-element elementor-element-dd38dcb e-con-full e-flex e-con e-child\" data-id=\"dd38dcb\" data-element_type=\"container\">\n\t\t\t\t<div class=\"elementor-element elementor-element-5cfe408 elementor-widget elementor-widget-html\" data-id=\"5cfe408\" data-element_type=\"widget\" data-widget_type=\"html.default\">\n\t\t\t\t\t<div class=\"video-scroll-container\">\n    <video autoplay loop muted playsinline>\n        <source src=\"https:\/\/erwancorre.fr\/wp-content\/uploads\/2026\/01\/Erwan0001-0150.mp4\" type=\"video\/mp4\">\n    <\/video>\n<\/div>\n\n<div class=\"scroll-spacer\"><\/div>\t\t\t\t<\/div>\n\t\t\t\t<div class=\"elementor-element elementor-element-a71d7e3 elementor-widget elementor-widget-heading\" data-id=\"a71d7e3\" data-element_type=\"widget\" data-widget_type=\"heading.default\">\n\t\t\t\t\t<h2 class=\"elementor-heading-title elementor-size-default\">collection d\u2019\u0153uvres visuelles<\/h2>\t\t\t\t<\/div>\n\t\t\t\t<\/div>\n\t\t<div class=\"elementor-element elementor-element-520ebf1 e-con-full e-flex e-con e-child\" data-id=\"520ebf1\" data-element_type=\"container\">\n\t\t<div class=\"elementor-element elementor-element-7f5d188 e-con-full e-flex e-con e-child\" data-id=\"7f5d188\" data-element_type=\"container\">\n\t\t\t\t<div class=\"elementor-element elementor-element-8ab6ef4 elementor-widget elementor-widget-text-editor\" data-id=\"8ab6ef4\" data-element_type=\"widget\" data-widget_type=\"text-editor.default\">\n\t\t\t\t\t\t\t\t\t<p>Bienvenue dans<br \/>mon <span class=\"ma-typo-custom-italic\">cerveau<\/span><\/p>\t\t\t\t\t\t\t\t<\/div>\n\t\t\t\t<\/div>\n\t\t<div class=\"elementor-element elementor-element-5dd4a95 e-con-full e-flex e-con e-child\" data-id=\"5dd4a95\" data-element_type=\"container\" data-settings=\"{&quot;position&quot;:&quot;absolute&quot;}\">\n\t\t\t\t<div class=\"elementor-element elementor-element-b7712cc elementor-widget elementor-widget-html\" data-id=\"b7712cc\" data-element_type=\"widget\" data-settings=\"{&quot;motion_fx_motion_fx_mouse&quot;:&quot;yes&quot;,&quot;motion_fx_tilt_effect&quot;:&quot;yes&quot;,&quot;motion_fx_tilt_speed&quot;:{&quot;unit&quot;:&quot;px&quot;,&quot;size&quot;:1,&quot;sizes&quot;:[]}}\" data-widget_type=\"html.default\">\n\t\t\t\t\t<video \n    src=\"https:\/\/erwancorre.fr\/wp-content\/uploads\/2026\/01\/Cerveau0001.mp4\" \n    autoplay loop muted playsinline\n    style=\"width: 100%; height: 100%; object-fit: cover; display: block;\">\n<\/video>\t\t\t\t<\/div>\n\t\t\t\t<\/div>\n\t\t\t\t<\/div>\n\t\t<div class=\"elementor-element elementor-element-f95915c e-con-full e-flex e-con e-child\" data-id=\"f95915c\" data-element_type=\"container\">\n\t\t<div class=\"elementor-element elementor-element-7abc5a2 e-con-full e-flex e-con e-child\" data-id=\"7abc5a2\" data-element_type=\"container\">\n\t\t\t\t<div class=\"elementor-element elementor-element-e532cdc e-transform elementor-widget elementor-widget-image\" data-id=\"e532cdc\" data-element_type=\"widget\" data-settings=\"{&quot;_transform_rotateZ_effect&quot;:{&quot;unit&quot;:&quot;px&quot;,&quot;size&quot;:-3,&quot;sizes&quot;:[]},&quot;_transform_rotateZ_effect_tablet&quot;:{&quot;unit&quot;:&quot;deg&quot;,&quot;size&quot;:&quot;&quot;,&quot;sizes&quot;:[]},&quot;_transform_rotateZ_effect_mobile&quot;:{&quot;unit&quot;:&quot;deg&quot;,&quot;size&quot;:&quot;&quot;,&quot;sizes&quot;:[]}}\" data-widget_type=\"image.default\">\n\t\t\t\t\t\t\t\t\t\t\t\t\t\t\t<img decoding=\"async\" src=\"https:\/\/erwancorre.fr\/wp-content\/uploads\/elementor\/thumbs\/IMG_01025-rhlzdwkscxcoatti8u1zim1a8h6znv3arxqkxa5d6o.jpg\" title=\"IMG_01025\" alt=\"IMG_01025\" loading=\"lazy\" \/>\t\t\t\t\t\t\t\t\t\t\t\t\t\t\t<\/div>\n\t\t\t\t<\/div>\n\t\t<div class=\"elementor-element elementor-element-8c2c139 e-con-full e-flex e-con e-child\" data-id=\"8c2c139\" data-element_type=\"container\">\n\t\t<div class=\"elementor-element elementor-element-cdbeab4 e-con-full e-flex e-con e-child\" data-id=\"cdbeab4\" data-element_type=\"container\">\n\t\t\t\t<div class=\"elementor-element elementor-element-60f8cc2 elementor-widget elementor-widget-heading\" data-id=\"60f8cc2\" data-element_type=\"widget\" data-widget_type=\"heading.default\">\n\t\t\t\t\t<h2 class=\"elementor-heading-title elementor-size-default\">DIGITAL,<\/h2>\t\t\t\t<\/div>\n\t\t\t\t<\/div>\n\t\t<div class=\"elementor-element elementor-element-efbb883 e-con-full e-flex e-con e-child\" data-id=\"efbb883\" data-element_type=\"container\">\n\t\t\t\t<div class=\"elementor-element elementor-element-4a8eb76 elementor-widget elementor-widget-heading\" data-id=\"4a8eb76\" data-element_type=\"widget\" data-widget_type=\"heading.default\">\n\t\t\t\t\t<h2 class=\"elementor-heading-title elementor-size-default\">PRINT,<\/h2>\t\t\t\t<\/div>\n\t\t\t\t<div class=\"elementor-element elementor-element-8e9f189 elementor-widget elementor-widget-heading\" data-id=\"8e9f189\" data-element_type=\"widget\" data-widget_type=\"heading.default\">\n\t\t\t\t\t<h2 class=\"elementor-heading-title elementor-size-default\">Branding,<br>Direction Artistique,<br>Product, UX\/UI<\/h2>\t\t\t\t<\/div>\n\t\t\t\t<\/div>\n\t\t<div class=\"elementor-element elementor-element-939347e e-con-full e-flex e-con e-child\" data-id=\"939347e\" data-element_type=\"container\">\n\t\t\t\t<div class=\"elementor-element elementor-element-1b05576 elementor-widget elementor-widget-heading\" data-id=\"1b05576\" data-element_type=\"widget\" data-widget_type=\"heading.default\">\n\t\t\t\t\t<h2 class=\"elementor-heading-title elementor-size-default\">[CREATIF]<\/h2>\t\t\t\t<\/div>\n\t\t\t\t<\/div>\n\t\t\t\t<\/div>\n\t\t\t\t<\/div>\n\t\t<div class=\"elementor-element elementor-element-5f470ac e-con-full e-flex e-con e-child\" data-id=\"5f470ac\" data-element_type=\"container\">\n\t\t<div class=\"elementor-element elementor-element-27091da e-con-full e-flex e-con e-child\" data-id=\"27091da\" data-element_type=\"container\">\n\t\t\t\t<div class=\"elementor-element elementor-element-83ef4b9 elementor-widget elementor-widget-image\" data-id=\"83ef4b9\" data-element_type=\"widget\" data-widget_type=\"image.default\">\n\t\t\t\t\t\t\t\t\t\t\t\t\t\t\t<img decoding=\"async\" src=\"https:\/\/erwancorre.fr\/wp-content\/uploads\/2026\/01\/BRUSH-COVER.jpg\" title=\"\" alt=\"\" loading=\"lazy\" \/>\t\t\t\t\t\t\t\t\t\t\t\t\t\t\t<\/div>\n\t\t\t\t<div class=\"elementor-element elementor-element-90103aa elementor-widget elementor-widget-heading\" data-id=\"90103aa\" data-element_type=\"widget\" data-widget_type=\"heading.default\">\n\t\t\t\t\t<h2 class=\"elementor-heading-title elementor-size-default\">BR\u00dbSH - Les dents<\/h2>\t\t\t\t<\/div>\n\t\t\t\t<\/div>\n\t\t<div class=\"elementor-element elementor-element-841bbbd e-con-full e-flex e-con e-child\" data-id=\"841bbbd\" data-element_type=\"container\">\n\t\t\t\t<div class=\"elementor-element elementor-element-84eb191 elementor-widget elementor-widget-image\" data-id=\"84eb191\" data-element_type=\"widget\" data-widget_type=\"image.default\">\n\t\t\t\t\t\t\t\t\t\t\t\t\t\t\t<img fetchpriority=\"high\" decoding=\"async\" width=\"1920\" height=\"1200\" src=\"https:\/\/erwancorre.fr\/wp-content\/uploads\/2026\/01\/APEX-COVER.jpg\" class=\"attachment-full size-full wp-image-603\" alt=\"\" srcset=\"https:\/\/erwancorre.fr\/wp-content\/uploads\/2026\/01\/APEX-COVER.jpg 1920w, https:\/\/erwancorre.fr\/wp-content\/uploads\/2026\/01\/APEX-COVER-300x188.jpg 300w, https:\/\/erwancorre.fr\/wp-content\/uploads\/2026\/01\/APEX-COVER-1024x640.jpg 1024w, https:\/\/erwancorre.fr\/wp-content\/uploads\/2026\/01\/APEX-COVER-768x480.jpg 768w, https:\/\/erwancorre.fr\/wp-content\/uploads\/2026\/01\/APEX-COVER-1536x960.jpg 1536w\" sizes=\"(max-width: 1920px) 100vw, 1920px\" \/>\t\t\t\t\t\t\t\t\t\t\t\t\t\t\t<\/div>\n\t\t\t\t<div class=\"elementor-element elementor-element-e4f1aaa elementor-widget elementor-widget-heading\" data-id=\"e4f1aaa\" data-element_type=\"widget\" data-widget_type=\"heading.default\">\n\t\t\t\t\t<h2 class=\"elementor-heading-title elementor-size-default\">APEX - Le ski All-mountain<\/h2>\t\t\t\t<\/div>\n\t\t\t\t<\/div>\n\t\t\t\t<\/div>\n\t\t<div class=\"elementor-element elementor-element-752b2d6 e-con-full e-flex e-con e-child\" data-id=\"752b2d6\" data-element_type=\"container\">\n\t\t<div class=\"elementor-element elementor-element-248c67b e-con-full e-flex e-con e-child\" data-id=\"248c67b\" data-element_type=\"container\">\n\t\t\t\t<div class=\"elementor-element elementor-element-1220189 elementor-widget elementor-widget-image\" data-id=\"1220189\" data-element_type=\"widget\" data-widget_type=\"image.default\">\n\t\t\t\t\t\t\t\t\t\t\t\t\t\t\t<img decoding=\"async\" width=\"1921\" height=\"1201\" src=\"https:\/\/erwancorre.fr\/wp-content\/uploads\/2026\/01\/ENCHERES_DOMAINE-COVER.jpg\" class=\"attachment-full size-full wp-image-617\" alt=\"\" srcset=\"https:\/\/erwancorre.fr\/wp-content\/uploads\/2026\/01\/ENCHERES_DOMAINE-COVER.jpg 1921w, https:\/\/erwancorre.fr\/wp-content\/uploads\/2026\/01\/ENCHERES_DOMAINE-COVER-300x188.jpg 300w, https:\/\/erwancorre.fr\/wp-content\/uploads\/2026\/01\/ENCHERES_DOMAINE-COVER-1024x640.jpg 1024w, https:\/\/erwancorre.fr\/wp-content\/uploads\/2026\/01\/ENCHERES_DOMAINE-COVER-768x480.jpg 768w, https:\/\/erwancorre.fr\/wp-content\/uploads\/2026\/01\/ENCHERES_DOMAINE-COVER-1536x960.jpg 1536w\" sizes=\"(max-width: 1921px) 100vw, 1921px\" \/>\t\t\t\t\t\t\t\t\t\t\t\t\t\t\t<\/div>\n\t\t\t\t<div class=\"elementor-element elementor-element-ccc6b3f elementor-widget elementor-widget-heading\" data-id=\"ccc6b3f\" data-element_type=\"widget\" data-widget_type=\"heading.default\">\n\t\t\t\t\t<h2 class=\"elementor-heading-title elementor-size-default\">Encheres-domaine - Ventes aux ench\u00e8res de l'\u00c9tat<\/h2>\t\t\t\t<\/div>\n\t\t\t\t<\/div>\n\t\t<div class=\"elementor-element elementor-element-03398ed e-con-full e-flex e-con e-child\" data-id=\"03398ed\" data-element_type=\"container\">\n\t\t\t\t<div class=\"elementor-element elementor-element-847dc3e elementor-widget elementor-widget-image\" data-id=\"847dc3e\" data-element_type=\"widget\" data-widget_type=\"image.default\">\n\t\t\t\t\t\t\t\t\t\t\t\t\t\t\t<img decoding=\"async\" width=\"1921\" height=\"1201\" src=\"https:\/\/erwancorre.fr\/wp-content\/uploads\/2026\/01\/ESPACE_SIGNALETIQUE-COVER.jpg\" class=\"attachment-full size-full wp-image-621\" alt=\"\" srcset=\"https:\/\/erwancorre.fr\/wp-content\/uploads\/2026\/01\/ESPACE_SIGNALETIQUE-COVER.jpg 1921w, https:\/\/erwancorre.fr\/wp-content\/uploads\/2026\/01\/ESPACE_SIGNALETIQUE-COVER-300x188.jpg 300w, https:\/\/erwancorre.fr\/wp-content\/uploads\/2026\/01\/ESPACE_SIGNALETIQUE-COVER-1024x640.jpg 1024w, https:\/\/erwancorre.fr\/wp-content\/uploads\/2026\/01\/ESPACE_SIGNALETIQUE-COVER-768x480.jpg 768w, https:\/\/erwancorre.fr\/wp-content\/uploads\/2026\/01\/ESPACE_SIGNALETIQUE-COVER-1536x960.jpg 1536w\" sizes=\"(max-width: 1921px) 100vw, 1921px\" \/>\t\t\t\t\t\t\t\t\t\t\t\t\t\t\t<\/div>\n\t\t\t\t<div class=\"elementor-element elementor-element-7fb5bff elementor-widget elementor-widget-heading\" data-id=\"7fb5bff\" data-element_type=\"widget\" data-widget_type=\"heading.default\">\n\t\t\t\t\t<h2 class=\"elementor-heading-title elementor-size-default\">Espace Signal\u00e9tique - Vitrophanie et signal\u00e9tique indoor et outdoor<\/h2>\t\t\t\t<\/div>\n\t\t\t\t<\/div>\n\t\t\t\t<\/div>\n\t\t<div class=\"elementor-element elementor-element-eae4e9c e-con-full e-flex e-con e-child\" data-id=\"eae4e9c\" data-element_type=\"container\">\n\t\t\t\t<div class=\"elementor-element elementor-element-2624e1b elementor-widget elementor-widget-heading\" data-id=\"2624e1b\" data-element_type=\"widget\" data-widget_type=\"heading.default\">\n\t\t\t\t\t<h2 class=\"elementor-heading-title elementor-size-default\"><a href=\"https:\/\/erwancorre.fr\/index.php\/creations\/\">Voir toutes les <span class=\"ma-typo-custom-italic\">cr\u00e9ations<\/span> &gt;<\/a><\/h2>\t\t\t\t<\/div>\n\t\t\t\t<\/div>\n\t\t\t\t\t<\/div>\n\t\t\t\t<\/div>\n\t\t\t\t<\/div>\n\t\t","protected":false},"excerpt":{"rendered":"<p>collection d\u2019\u0153uvres visuelles Bienvenue dansmon cerveau DIGITAL, PRINT, Branding,Direction Artistique,Product, UX\/UI [CREATIF] BR\u00dbSH &#8211; Les dents APEX &#8211; Le ski All-mountain Encheres-domaine &#8211; Ventes aux ench\u00e8res de l&rsquo;\u00c9tat Espace Signal\u00e9tique &#8211; Vitrophanie et signal\u00e9tique indoor et outdoor Voir toutes les cr\u00e9ations &gt;<\/p>\n","protected":false},"author":1,"featured_media":0,"parent":0,"menu_order":0,"comment_status":"closed","ping_status":"closed","template":"","meta":{"footnotes":""},"class_list":["post-500","page","type-page","status-publish","hentry"],"yoast_head":"<!-- This site is optimized with the Yoast SEO plugin v26.7 - https:\/\/yoast.com\/wordpress\/plugins\/seo\/ -->\n<title>Homepage - erwancorre<\/title>\n<meta name=\"robots\" content=\"index, follow, max-snippet:-1, max-image-preview:large, max-video-preview:-1\" \/>\n<link rel=\"canonical\" href=\"https:\/\/erwancorre.fr\/\" \/>\n<meta property=\"og:locale\" content=\"fr_FR\" \/>\n<meta property=\"og:type\" content=\"article\" \/>\n<meta property=\"og:title\" content=\"Homepage - erwancorre\" \/>\n<meta property=\"og:description\" content=\"collection d\u2019\u0153uvres visuelles Bienvenue dansmon cerveau DIGITAL, PRINT, Branding,Direction Artistique,Product, UX\/UI [CREATIF] BR\u00dbSH &#8211; Les dents APEX &#8211; Le ski All-mountain Encheres-domaine &#8211; Ventes aux ench\u00e8res de l&rsquo;\u00c9tat Espace Signal\u00e9tique &#8211; Vitrophanie et signal\u00e9tique indoor et outdoor Voir toutes les cr\u00e9ations &gt;\" \/>\n<meta property=\"og:url\" content=\"https:\/\/erwancorre.fr\/\" \/>\n<meta property=\"og:site_name\" content=\"erwancorre\" \/>\n<meta property=\"article:modified_time\" content=\"2026-01-14T18:14:56+00:00\" \/>\n<meta property=\"og:image\" content=\"https:\/\/erwancorre.fr\/wp-content\/uploads\/elementor\/thumbs\/IMG_01025-rhlzdwkscxcoatti8u1zim1a8h6znv3arxqkxa5d6o.jpg\" \/>\n<meta name=\"twitter:card\" content=\"summary_large_image\" \/>\n<meta name=\"twitter:label1\" content=\"Dur\u00e9e de lecture estim\u00e9e\" \/>\n\t<meta name=\"twitter:data1\" content=\"1 minute\" \/>\n<script type=\"application\/ld+json\" class=\"yoast-schema-graph\">{\"@context\":\"https:\/\/schema.org\",\"@graph\":[{\"@type\":\"WebPage\",\"@id\":\"https:\/\/erwancorre.fr\/\",\"url\":\"https:\/\/erwancorre.fr\/\",\"name\":\"Homepage - erwancorre\",\"isPartOf\":{\"@id\":\"https:\/\/erwancorre.fr\/#website\"},\"primaryImageOfPage\":{\"@id\":\"https:\/\/erwancorre.fr\/#primaryimage\"},\"image\":{\"@id\":\"https:\/\/erwancorre.fr\/#primaryimage\"},\"thumbnailUrl\":\"https:\/\/erwancorre.fr\/wp-content\/uploads\/elementor\/thumbs\/IMG_01025-rhlzdwkscxcoatti8u1zim1a8h6znv3arxqkxa5d6o.jpg\",\"datePublished\":\"2026-01-13T15:11:20+00:00\",\"dateModified\":\"2026-01-14T18:14:56+00:00\",\"breadcrumb\":{\"@id\":\"https:\/\/erwancorre.fr\/#breadcrumb\"},\"inLanguage\":\"fr-FR\",\"potentialAction\":[{\"@type\":\"ReadAction\",\"target\":[\"https:\/\/erwancorre.fr\/\"]}]},{\"@type\":\"ImageObject\",\"inLanguage\":\"fr-FR\",\"@id\":\"https:\/\/erwancorre.fr\/#primaryimage\",\"url\":\"https:\/\/erwancorre.fr\/wp-content\/uploads\/elementor\/thumbs\/IMG_01025-rhlzdwkscxcoatti8u1zim1a8h6znv3arxqkxa5d6o.jpg\",\"contentUrl\":\"https:\/\/erwancorre.fr\/wp-content\/uploads\/elementor\/thumbs\/IMG_01025-rhlzdwkscxcoatti8u1zim1a8h6znv3arxqkxa5d6o.jpg\"},{\"@type\":\"BreadcrumbList\",\"@id\":\"https:\/\/erwancorre.fr\/#breadcrumb\",\"itemListElement\":[{\"@type\":\"ListItem\",\"position\":1,\"name\":\"Accueil\",\"item\":\"https:\/\/erwancorre.fr\/\"},{\"@type\":\"ListItem\",\"position\":2,\"name\":\"Homepage\"}]},{\"@type\":\"WebSite\",\"@id\":\"https:\/\/erwancorre.fr\/#website\",\"url\":\"https:\/\/erwancorre.fr\/\",\"name\":\"erwancorre\",\"description\":\"\",\"publisher\":{\"@id\":\"https:\/\/erwancorre.fr\/#organization\"},\"potentialAction\":[{\"@type\":\"SearchAction\",\"target\":{\"@type\":\"EntryPoint\",\"urlTemplate\":\"https:\/\/erwancorre.fr\/?s={search_term_string}\"},\"query-input\":{\"@type\":\"PropertyValueSpecification\",\"valueRequired\":true,\"valueName\":\"search_term_string\"}}],\"inLanguage\":\"fr-FR\"},{\"@type\":\"Organization\",\"@id\":\"https:\/\/erwancorre.fr\/#organization\",\"name\":\"erwancorre\",\"url\":\"https:\/\/erwancorre.fr\/\",\"logo\":{\"@type\":\"ImageObject\",\"inLanguage\":\"fr-FR\",\"@id\":\"https:\/\/erwancorre.fr\/#\/schema\/logo\/image\/\",\"url\":\"https:\/\/erwancorre.fr\/wp-content\/uploads\/2026\/01\/logo.png\",\"contentUrl\":\"https:\/\/erwancorre.fr\/wp-content\/uploads\/2026\/01\/logo.png\",\"width\":894,\"height\":915,\"caption\":\"erwancorre\"},\"image\":{\"@id\":\"https:\/\/erwancorre.fr\/#\/schema\/logo\/image\/\"}}]}<\/script>\n<!-- \/ Yoast SEO plugin. -->","yoast_head_json":{"title":"Homepage - erwancorre","robots":{"index":"index","follow":"follow","max-snippet":"max-snippet:-1","max-image-preview":"max-image-preview:large","max-video-preview":"max-video-preview:-1"},"canonical":"https:\/\/erwancorre.fr\/","og_locale":"fr_FR","og_type":"article","og_title":"Homepage - erwancorre","og_description":"collection d\u2019\u0153uvres visuelles Bienvenue dansmon cerveau DIGITAL, PRINT, Branding,Direction Artistique,Product, UX\/UI [CREATIF] BR\u00dbSH &#8211; Les dents APEX &#8211; Le ski All-mountain Encheres-domaine &#8211; Ventes aux ench\u00e8res de l&rsquo;\u00c9tat Espace Signal\u00e9tique &#8211; Vitrophanie et signal\u00e9tique indoor et outdoor Voir toutes les cr\u00e9ations &gt;","og_url":"https:\/\/erwancorre.fr\/","og_site_name":"erwancorre","article_modified_time":"2026-01-14T18:14:56+00:00","og_image":[{"url":"https:\/\/erwancorre.fr\/wp-content\/uploads\/elementor\/thumbs\/IMG_01025-rhlzdwkscxcoatti8u1zim1a8h6znv3arxqkxa5d6o.jpg","type":"","width":"","height":""}],"twitter_card":"summary_large_image","twitter_misc":{"Dur\u00e9e de lecture estim\u00e9e":"1 minute"},"schema":{"@context":"https:\/\/schema.org","@graph":[{"@type":"WebPage","@id":"https:\/\/erwancorre.fr\/","url":"https:\/\/erwancorre.fr\/","name":"Homepage - erwancorre","isPartOf":{"@id":"https:\/\/erwancorre.fr\/#website"},"primaryImageOfPage":{"@id":"https:\/\/erwancorre.fr\/#primaryimage"},"image":{"@id":"https:\/\/erwancorre.fr\/#primaryimage"},"thumbnailUrl":"https:\/\/erwancorre.fr\/wp-content\/uploads\/elementor\/thumbs\/IMG_01025-rhlzdwkscxcoatti8u1zim1a8h6znv3arxqkxa5d6o.jpg","datePublished":"2026-01-13T15:11:20+00:00","dateModified":"2026-01-14T18:14:56+00:00","breadcrumb":{"@id":"https:\/\/erwancorre.fr\/#breadcrumb"},"inLanguage":"fr-FR","potentialAction":[{"@type":"ReadAction","target":["https:\/\/erwancorre.fr\/"]}]},{"@type":"ImageObject","inLanguage":"fr-FR","@id":"https:\/\/erwancorre.fr\/#primaryimage","url":"https:\/\/erwancorre.fr\/wp-content\/uploads\/elementor\/thumbs\/IMG_01025-rhlzdwkscxcoatti8u1zim1a8h6znv3arxqkxa5d6o.jpg","contentUrl":"https:\/\/erwancorre.fr\/wp-content\/uploads\/elementor\/thumbs\/IMG_01025-rhlzdwkscxcoatti8u1zim1a8h6znv3arxqkxa5d6o.jpg"},{"@type":"BreadcrumbList","@id":"https:\/\/erwancorre.fr\/#breadcrumb","itemListElement":[{"@type":"ListItem","position":1,"name":"Accueil","item":"https:\/\/erwancorre.fr\/"},{"@type":"ListItem","position":2,"name":"Homepage"}]},{"@type":"WebSite","@id":"https:\/\/erwancorre.fr\/#website","url":"https:\/\/erwancorre.fr\/","name":"erwancorre","description":"","publisher":{"@id":"https:\/\/erwancorre.fr\/#organization"},"potentialAction":[{"@type":"SearchAction","target":{"@type":"EntryPoint","urlTemplate":"https:\/\/erwancorre.fr\/?s={search_term_string}"},"query-input":{"@type":"PropertyValueSpecification","valueRequired":true,"valueName":"search_term_string"}}],"inLanguage":"fr-FR"},{"@type":"Organization","@id":"https:\/\/erwancorre.fr\/#organization","name":"erwancorre","url":"https:\/\/erwancorre.fr\/","logo":{"@type":"ImageObject","inLanguage":"fr-FR","@id":"https:\/\/erwancorre.fr\/#\/schema\/logo\/image\/","url":"https:\/\/erwancorre.fr\/wp-content\/uploads\/2026\/01\/logo.png","contentUrl":"https:\/\/erwancorre.fr\/wp-content\/uploads\/2026\/01\/logo.png","width":894,"height":915,"caption":"erwancorre"},"image":{"@id":"https:\/\/erwancorre.fr\/#\/schema\/logo\/image\/"}}]}},"_links":{"self":[{"href":"https:\/\/erwancorre.fr\/index.php\/wp-json\/wp\/v2\/pages\/500","targetHints":{"allow":["GET"]}}],"collection":[{"href":"https:\/\/erwancorre.fr\/index.php\/wp-json\/wp\/v2\/pages"}],"about":[{"href":"https:\/\/erwancorre.fr\/index.php\/wp-json\/wp\/v2\/types\/page"}],"author":[{"embeddable":true,"href":"https:\/\/erwancorre.fr\/index.php\/wp-json\/wp\/v2\/users\/1"}],"replies":[{"embeddable":true,"href":"https:\/\/erwancorre.fr\/index.php\/wp-json\/wp\/v2\/comments?post=500"}],"version-history":[{"count":214,"href":"https:\/\/erwancorre.fr\/index.php\/wp-json\/wp\/v2\/pages\/500\/revisions"}],"predecessor-version":[{"id":1093,"href":"https:\/\/erwancorre.fr\/index.php\/wp-json\/wp\/v2\/pages\/500\/revisions\/1093"}],"wp:attachment":[{"href":"https:\/\/erwancorre.fr\/index.php\/wp-json\/wp\/v2\/media?parent=500"}],"curies":[{"name":"wp","href":"https:\/\/api.w.org\/{rel}","templated":true}]}}